{"id":10,"date":"2025-03-05T12:52:39","date_gmt":"2025-03-05T11:52:39","guid":{"rendered":"https:\/\/www.nuucs.com\/?page_id=10"},"modified":"2025-03-07T06:00:21","modified_gmt":"2025-03-07T05:00:21","slug":"galeria","status":"publish","type":"page","link":"https:\/\/www.nuucs.com\/en\/galeria\/","title":{"rendered":"Gallery"},"content":{"rendered":"<style>.kb-row-layout-id86_7ddf05-53 > .kt-row-column-wrap{align-content:start;}:where(.kb-row-layout-id86_7ddf05-53 > .kt-row-column-wrap) > .wp-block-kadence-column{justify-content:start;}.kb-row-layout-id86_7ddf05-53 > .kt-row-column-wrap{column-gap:var(--global-kb-gap-md, 2rem);row-gap:var(--global-kb-gap-md, 2rem);max-width:1043px;margin-left:auto;margin-right:auto;padding-top:50px;padding-right:0px;padding-bottom:300px;padding-left:0px;grid-template-columns:minmax(0, 1fr);}.kb-row-layout-id86_7ddf05-53{background-image:url('https:\/\/www.nuucs.com\/wp-content\/uploads\/2025\/03\/cabecera-nuucs-tshirt-scaled.jpg');background-size:cover;background-position:center center;background-attachment:fixed;background-repeat:no-repeat;}.kb-row-layout-id86_7ddf05-53 > .kt-row-layout-overlay{opacity:0.65;background-color:var(--global-palette1, #3182CE);mix-blend-mode:normal;}@media all and (max-width: 1024px), only screen and (min-device-width: 1024px) and (max-device-width: 1366px) and (-webkit-min-device-pixel-ratio: 2) and (hover: none){.kb-row-layout-id86_7ddf05-53{background-attachment:scroll;}}@media all and (max-width: 1024px){.kb-row-layout-id86_7ddf05-53 > .kt-row-column-wrap{grid-template-columns:minmax(0, 1fr);}}@media all and (max-width: 767px){.kb-row-layout-id86_7ddf05-53 > .kt-row-column-wrap{padding-top:80px;padding-right:15px;padding-bottom:60px;padding-left:15px;grid-template-columns:minmax(0, 1fr);}}<\/style><div class=\"kb-row-layout-wrap kb-row-layout-id86_7ddf05-53 alignfull kt-row-has-bg wp-block-kadence-rowlayout\"><div class=\"kt-row-layout-overlay kt-row-overlay-normal\"><\/div><div class=\"kt-row-column-wrap kt-has-1-columns kt-row-layout-equal kt-tab-layout-inherit kt-mobile-layout-row kt-row-valign-top\">\n<style>.kadence-column86_1b556c-bb > .kt-inside-inner-col{padding-top:10px;padding-right:10px;padding-bottom:10px;padding-left:10px;}.kadence-column86_1b556c-bb > .kt-inside-inner-col,.kadence-column86_1b556c-bb > .kt-inside-inner-col:before{border-top-left-radius:0px;border-top-right-radius:0px;border-bottom-right-radius:0px;border-bottom-left-radius:0px;}.kadence-column86_1b556c-bb > .kt-inside-inner-col{column-gap:var(--global-kb-gap-sm, 1rem);}.kadence-column86_1b556c-bb > .kt-inside-inner-col{flex-direction:column;}.kadence-column86_1b556c-bb > .kt-inside-inner-col > .aligncenter{width:100%;}.kadence-column86_1b556c-bb > .kt-inside-inner-col:before{opacity:0.3;}.kadence-column86_1b556c-bb{position:relative;}@media all and (max-width: 1024px){.kadence-column86_1b556c-bb > .kt-inside-inner-col{flex-direction:column;justify-content:center;}}@media all and (max-width: 767px){.kadence-column86_1b556c-bb > .kt-inside-inner-col{flex-direction:column;justify-content:center;}}<\/style>\n<div class=\"wp-block-kadence-column kadence-column86_1b556c-bb inner-column-1\"><div class=\"kt-inside-inner-col\"><style>.wp-block-kadence-advancedheading.kt-adv-heading86_2a1ca6-4e, .wp-block-kadence-advancedheading.kt-adv-heading86_2a1ca6-4e[data-kb-block=\"kb-adv-heading86_2a1ca6-4e\"]{margin-bottom:26px;text-align:center;font-size:var(--global-kb-font-size-xl, 3rem);line-height:55px;font-weight:400;font-style:normal;}.wp-block-kadence-advancedheading.kt-adv-heading86_2a1ca6-4e mark.kt-highlight, .wp-block-kadence-advancedheading.kt-adv-heading86_2a1ca6-4e[data-kb-block=\"kb-adv-heading86_2a1ca6-4e\"] mark.kt-highlight{font-style:normal;color:#f76a0c;-webkit-box-decoration-break:clone;box-decoration-break:clone;padding-top:0px;padding-right:0px;padding-bottom:0px;padding-left:0px;}.wp-block-kadence-advancedheading.kt-adv-heading86_2a1ca6-4e img.kb-inline-image, .wp-block-kadence-advancedheading.kt-adv-heading86_2a1ca6-4e[data-kb-block=\"kb-adv-heading86_2a1ca6-4e\"] img.kb-inline-image{width:150px;vertical-align:baseline;}@media all and (max-width: 767px){.wp-block-kadence-advancedheading.kt-adv-heading86_2a1ca6-4e, .wp-block-kadence-advancedheading.kt-adv-heading86_2a1ca6-4e[data-kb-block=\"kb-adv-heading86_2a1ca6-4e\"]{font-size:32px;line-height:36px;}}<\/style>\n<h1 class=\"kt-adv-heading86_2a1ca6-4e wp-block-kadence-advancedheading has-theme-palette-9-color has-text-color\" data-kb-block=\"kb-adv-heading86_2a1ca6-4e\">\u00a1Bienvenido al mundo de la elegancia n\u00e1utica!<\/h1>\n\n\n<style>.wp-block-kadence-advancedheading.kt-adv-heading86_eb35ee-d5, .wp-block-kadence-advancedheading.kt-adv-heading86_eb35ee-d5[data-kb-block=\"kb-adv-heading86_eb35ee-d5\"]{margin-bottom:40px;text-align:center;font-size:var(--global-kb-font-size-md, 1.25rem);font-weight:400;font-style:normal;}.wp-block-kadence-advancedheading.kt-adv-heading86_eb35ee-d5 mark.kt-highlight, .wp-block-kadence-advancedheading.kt-adv-heading86_eb35ee-d5[data-kb-block=\"kb-adv-heading86_eb35ee-d5\"] mark.kt-highlight{font-style:normal;color:#f76a0c;-webkit-box-decoration-break:clone;box-decoration-break:clone;padding-top:0px;padding-right:0px;padding-bottom:0px;padding-left:0px;}.wp-block-kadence-advancedheading.kt-adv-heading86_eb35ee-d5 img.kb-inline-image, .wp-block-kadence-advancedheading.kt-adv-heading86_eb35ee-d5[data-kb-block=\"kb-adv-heading86_eb35ee-d5\"] img.kb-inline-image{width:150px;vertical-align:baseline;}<\/style>\n<p class=\"kt-adv-heading86_eb35ee-d5 wp-block-kadence-advancedheading has-theme-palette-9-color has-text-color\" data-kb-block=\"kb-adv-heading86_eb35ee-d5\">NUUC&#8217;S\u00ae<br>Colecci\u00f3n de dise\u00f1os con los principales nudos y motivos n\u00e1uticos, ilustrados por la marca Nuuc&#8217;s.<br>Si te gusta el mar, los yates, los deportes del mar y el mundo n\u00e1utico, esta es tu marca.&nbsp;<\/p>\n<\/div><\/div>\n\n<\/div><\/div>\n\n<style>.kb-row-layout-id10_dad492-ff > .kt-row-column-wrap{align-content:start;}:where(.kb-row-layout-id10_dad492-ff > .kt-row-column-wrap) > .wp-block-kadence-column{justify-content:start;}.kb-row-layout-id10_dad492-ff > .kt-row-column-wrap{column-gap:var(--global-kb-gap-md, 2rem);row-gap:var(--global-kb-gap-md, 2rem);padding-top:var(--global-kb-spacing-sm, 1.5rem);padding-bottom:var(--global-kb-spacing-sm, 1.5rem);grid-template-columns:minmax(0, 1fr);}.kb-row-layout-id10_dad492-ff > .kt-row-layout-overlay{opacity:0.30;}@media all and (max-width: 1024px){.kb-row-layout-id10_dad492-ff > .kt-row-column-wrap{grid-template-columns:minmax(0, 1fr);}}@media all and (max-width: 767px){.kb-row-layout-id10_dad492-ff > .kt-row-column-wrap{grid-template-columns:minmax(0, 1fr);}}<\/style><div class=\"kb-row-layout-wrap kb-row-layout-id10_dad492-ff alignnone wp-block-kadence-rowlayout\"><div class=\"kt-row-column-wrap kt-has-1-columns kt-row-layout-equal kt-tab-layout-inherit kt-mobile-layout-row kt-row-valign-top\">\n<style>.kadence-column10_9d3819-14 > .kt-inside-inner-col{padding-right:var(--global-kb-spacing-3xl, 6.5rem);padding-left:var(--global-kb-spacing-3xl, 6.5rem);}.kadence-column10_9d3819-14 > .kt-inside-inner-col,.kadence-column10_9d3819-14 > .kt-inside-inner-col:before{border-top-left-radius:0px;border-top-right-radius:0px;border-bottom-right-radius:0px;border-bottom-left-radius:0px;}.kadence-column10_9d3819-14 > .kt-inside-inner-col{column-gap:var(--global-kb-gap-sm, 1rem);}.kadence-column10_9d3819-14 > .kt-inside-inner-col{flex-direction:column;}.kadence-column10_9d3819-14 > .kt-inside-inner-col > .aligncenter{width:100%;}.kadence-column10_9d3819-14 > .kt-inside-inner-col:before{opacity:0.3;}.kadence-column10_9d3819-14{position:relative;}@media all and (max-width: 1024px){.kadence-column10_9d3819-14 > .kt-inside-inner-col{flex-direction:column;justify-content:center;}}@media all and (max-width: 767px){.kadence-column10_9d3819-14 > .kt-inside-inner-col{padding-right:var(--global-kb-spacing-sm, 1.5rem);padding-left:var(--global-kb-spacing-sm, 1.5rem);flex-direction:column;justify-content:center;}}<\/style>\n<div class=\"wp-block-kadence-column kadence-column10_9d3819-14\"><div class=\"kt-inside-inner-col\">\t\t<div id=\"instagram-gallery-feed-0\" class=\"instagram-gallery-feed\" data-feed=\"{&quot;id&quot;:0,&quot;account_id&quot;:&quot;9483761075036055&quot;,&quot;source&quot;:&quot;username&quot;,&quot;tag&quot;:&quot;wordpress&quot;,&quot;order_by&quot;:&quot;top_media&quot;,&quot;layout&quot;:&quot;gallery&quot;,&quot;limit&quot;:42,&quot;columns&quot;:3,&quot;spacing&quot;:15,&quot;lazy&quot;:true,&quot;responsive&quot;:{&quot;desktop&quot;:{&quot;columns&quot;:3,&quot;spacing&quot;:10},&quot;tablet&quot;:{&quot;columns&quot;:2,&quot;spacing&quot;:8},&quot;mobile&quot;:{&quot;columns&quot;:1,&quot;spacing&quot;:6},&quot;breakpoints&quot;:{&quot;tablet&quot;:768,&quot;mobile&quot;:480}},&quot;aspect_ratio&quot;:{&quot;width&quot;:1,&quot;height&quot;:1},&quot;highlight&quot;:{&quot;tag&quot;:&quot;&quot;,&quot;id&quot;:&quot;&quot;,&quot;position&quot;:&quot;1,3,5&quot;},&quot;reel&quot;:{&quot;hide&quot;:true},&quot;copyright&quot;:{&quot;hide&quot;:false,&quot;placeholder&quot;:&quot;&quot;},&quot;profile&quot;:{&quot;display&quot;:false,&quot;username&quot;:&quot;&quot;,&quot;nickname&quot;:&quot;&quot;,&quot;website&quot;:&quot;&quot;,&quot;biography&quot;:&quot;&quot;,&quot;link_text&quot;:&quot;Follow&quot;,&quot;website_text&quot;:&quot;Website&quot;,&quot;avatar&quot;:&quot;&quot;},&quot;box&quot;:{&quot;display&quot;:false,&quot;padding&quot;:1,&quot;radius&quot;:0,&quot;background&quot;:&quot;#fefefe&quot;,&quot;profile&quot;:false,&quot;desc&quot;:&quot;&quot;,&quot;text_color&quot;:&quot;#000000&quot;},&quot;mask&quot;:{&quot;display&quot;:false,&quot;background&quot;:&quot;#abb8c3&quot;,&quot;icon_color&quot;:&quot;#ffffff&quot;,&quot;likes_count&quot;:true,&quot;comments_count&quot;:true},&quot;card&quot;:{&quot;display&quot;:false,&quot;radius&quot;:1,&quot;font_size&quot;:12,&quot;background&quot;:&quot;#ffffff&quot;,&quot;background_hover&quot;:&quot;&quot;,&quot;text_color&quot;:&quot;#000000&quot;,&quot;padding&quot;:5,&quot;likes_count&quot;:false,&quot;text_length&quot;:10,&quot;comments_count&quot;:false,&quot;text_align&quot;:&quot;left&quot;},&quot;carousel&quot;:{&quot;centered_slides&quot;:false,&quot;autoplay&quot;:false,&quot;autoplay_interval&quot;:3000,&quot;navarrows&quot;:true,&quot;navarrows_color&quot;:&quot;&quot;,&quot;pagination&quot;:true,&quot;pagination_color&quot;:&quot;&quot;},&quot;modal&quot;:{&quot;display&quot;:true,&quot;profile&quot;:true,&quot;media_description&quot;:true,&quot;likes_count&quot;:true,&quot;comments_count&quot;:true,&quot;comments_list&quot;:false,&quot;text_align&quot;:&quot;left&quot;,&quot;modal_align&quot;:&quot;right&quot;,&quot;text_length&quot;:10000,&quot;font_size&quot;:12},&quot;button&quot;:{&quot;display&quot;:true,&quot;text&quot;:&quot;Instagram&quot;,&quot;text_color&quot;:&quot;#ffff&quot;,&quot;background&quot;:&quot;#445977&quot;,&quot;background_hover&quot;:&quot;#809fbe&quot;},&quot;button_load&quot;:{&quot;display&quot;:false,&quot;text&quot;:&quot;Load more...&quot;,&quot;text_color&quot;:&quot;#ffff&quot;,&quot;background&quot;:&quot;&quot;,&quot;background_hover&quot;:&quot;&quot;}}\">\n\t\t<!-- <FeedContainer\/> -->\n\t\t<\/div>\n\t\t\n<\/div><\/div>\n\n<\/div><\/div>","protected":false},"excerpt":{"rendered":"","protected":false},"author":1,"featured_media":0,"parent":0,"menu_order":0,"comment_status":"closed","ping_status":"closed","template":"","meta":{"_kad_post_transparent":"disable","_kad_post_title":"hide","_kad_post_layout":"fullwidth","_kad_post_sidebar_id":"","_kad_post_content_style":"unboxed","_kad_post_vertical_padding":"hide","_kad_post_feature":"hide","_kad_post_feature_position":"","_kad_post_header":false,"_kad_post_footer":false,"footnotes":""},"class_list":["post-10","page","type-page","status-publish","hentry"],"_links":{"self":[{"href":"https:\/\/www.nuucs.com\/en\/wp-json\/wp\/v2\/pages\/10","targetHints":{"allow":["GET"]}}],"collection":[{"href":"https:\/\/www.nuucs.com\/en\/wp-json\/wp\/v2\/pages"}],"about":[{"href":"https:\/\/www.nuucs.com\/en\/wp-json\/wp\/v2\/types\/page"}],"author":[{"embeddable":true,"href":"https:\/\/www.nuucs.com\/en\/wp-json\/wp\/v2\/users\/1"}],"replies":[{"embeddable":true,"href":"https:\/\/www.nuucs.com\/en\/wp-json\/wp\/v2\/comments?post=10"}],"version-history":[{"count":9,"href":"https:\/\/www.nuucs.com\/en\/wp-json\/wp\/v2\/pages\/10\/revisions"}],"predecessor-version":[{"id":98,"href":"https:\/\/www.nuucs.com\/en\/wp-json\/wp\/v2\/pages\/10\/revisions\/98"}],"wp:attachment":[{"href":"https:\/\/www.nuucs.com\/en\/wp-json\/wp\/v2\/media?parent=10"}],"curies":[{"name":"wp","href":"https:\/\/api.w.org\/{rel}","templated":true}]}}